{"id":1414,"date":"2024-06-11T16:18:39","date_gmt":"2024-06-11T14:18:39","guid":{"rendered":"http:\/\/www.champagnat-stsymphorien.eu\/?page_id=1414"},"modified":"2024-06-18T14:20:34","modified_gmt":"2024-06-18T12:20:34","slug":"incription","status":"publish","type":"page","link":"http:\/\/www.champagnat-stsymphorien.eu\/?page_id=1414","title":{"rendered":"Inscription au coll\u00e8ge"},"content":{"rendered":"\n\n\n<div style=\"height:31px\" aria-hidden=\"true\" class=\"wp-block-spacer\"><\/div>\n\n\n\n<div class=\"wp-block-cover is-light wp-duotone-unset-1\"><span aria-hidden=\"true\" class=\"wp-block-cover__background has-background-dim\" style=\"background-color:#5d5d5d\"><\/span><img loading=\"lazy\" decoding=\"async\" width=\"1200\" height=\"628\" class=\"wp-block-cover__image-background wp-image-1061\" alt=\"\" src=\"http:\/\/www.champagnat-stsymphorien.eu\/wp-content\/uploads\/2024\/05\/Property-Registration-In-Bangalore-1.jpg\" style=\"object-position:51% 50%\" data-object-fit=\"cover\" data-object-position=\"51% 50%\" srcset=\"http:\/\/www.champagnat-stsymphorien.eu\/wp-content\/uploads\/2024\/05\/Property-Registration-In-Bangalore-1.jpg 1200w, http:\/\/www.champagnat-stsymphorien.eu\/wp-content\/uploads\/2024\/05\/Property-Registration-In-Bangalore-1-300x157.jpg 300w, http:\/\/www.champagnat-stsymphorien.eu\/wp-content\/uploads\/2024\/05\/Property-Registration-In-Bangalore-1-1024x536.jpg 1024w, http:\/\/www.champagnat-stsymphorien.eu\/wp-content\/uploads\/2024\/05\/Property-Registration-In-Bangalore-1-768x402.jpg 768w\" sizes=\"auto, (max-width: 1200px) 100vw, 1200px\" \/><div class=\"wp-block-cover__inner-container is-layout-constrained wp-block-cover-is-layout-constrained\">\n<p class=\"has-text-align-center padding-text has-white-color has-text-color has-link-color wp-elements-b8df88c2c6166d34b490c5adbba06556\" style=\"font-size:41px\"><strong>COMMENT S\u2019INSCRIRE AU COLL\u00c8GE ?<\/strong><\/p>\n<\/div><\/div>\n\n\n\n<p><\/p>\n\n\n\n<p class=\"has-text-align-center has-medium-font-size\">Effectuer la pr\u00e9inscription en ligne en cliquant sur le lien suivant :<\/p>\n\n\n\n<p class=\"has-text-align-center text-dec-none has-large-font-size\"><strong><a href=\"https:\/\/preinscriptions.ecoledirecte.com\/?RNE=0692925E\">PRE-INSCRIPTION<\/a><\/strong><\/p>\n\n\n\n<p class=\"has-text-align-center has-medium-font-size\">Une fois la demande d&rsquo;inscription en ligne effectu\u00e9e, une fen\u00eatre de confirmation s&rsquo;ouvrira puis :<\/p>\n\n\n\n<div class=\"wp-block-cover\"><span aria-hidden=\"true\" class=\"wp-block-cover__background has-background-dim-20 has-background-dim\" style=\"background-color:#b5b5b5\"><\/span><img loading=\"lazy\" decoding=\"async\" width=\"1633\" height=\"980\" class=\"wp-block-cover__image-background wp-image-1070\" alt=\"\" src=\"http:\/\/www.champagnat-stsymphorien.eu\/wp-content\/uploads\/2024\/05\/background-with-a-blend-of-orange-and-purple-vector.jpg\" style=\"object-position:13% 15%\" data-object-fit=\"cover\" data-object-position=\"13% 15%\" srcset=\"http:\/\/www.champagnat-stsymphorien.eu\/wp-content\/uploads\/2024\/05\/background-with-a-blend-of-orange-and-purple-vector.jpg 1633w, http:\/\/www.champagnat-stsymphorien.eu\/wp-content\/uploads\/2024\/05\/background-with-a-blend-of-orange-and-purple-vector-300x180.jpg 300w, http:\/\/www.champagnat-stsymphorien.eu\/wp-content\/uploads\/2024\/05\/background-with-a-blend-of-orange-and-purple-vector-1024x615.jpg 1024w, http:\/\/www.champagnat-stsymphorien.eu\/wp-content\/uploads\/2024\/05\/background-with-a-blend-of-orange-and-purple-vector-768x461.jpg 768w, http:\/\/www.champagnat-stsymphorien.eu\/wp-content\/uploads\/2024\/05\/background-with-a-blend-of-orange-and-purple-vector-1536x922.jpg 1536w\" sizes=\"auto, (max-width: 1633px) 100vw, 1633px\" \/><div class=\"wp-block-cover__inner-container is-layout-constrained wp-block-cover-is-layout-constrained\">\n<p class=\"has-text-align-center has-large-font-size\" style=\"letter-spacing:0px\"><strong>Coll\u00e8ge et le Lyc\u00e9e <\/strong><\/p>\n\n\n\n<p class=\"has-text-align-center padding-text has-medium-font-size\">(classe de 6\u00e8me et de seconde), vous cliquerez alors sur le lien vous permettant de prendre rendez-vous avec un membre de l\u2019\u00c9quipe de Direction afin de faire mutuellement connaissance.<\/p>\n<\/div><\/div>\n\n\n\n<p><\/p>\n\n\n\n<p class=\"has-text-align-center has-medium-font-size\">Le jour du rendez-vous vous vous munirez des pi\u00e8ces que vous n&rsquo;avez pu joindre au t\u00e9l\u00e9chargement lors de la pr\u00e9-inscritpion en ligne et d&rsquo;un ch\u00e8que de 50 euros correspondant aux frais de traitement du dossier d&rsquo;inscription.<\/p>\n","protected":false},"excerpt":{"rendered":"<p>Effectuer la pr\u00e9inscription en ligne en cliquant sur le lien suivant : PRE-INSCRIPTION Une fois la demande d&rsquo;inscription en ligne effectu\u00e9e, une fen\u00eatre de confirmation s&rsquo;ouvrira puis : Le jour du rendez-vous vous vous munirez des pi\u00e8ces que vous n&rsquo;avez pu joindre au t\u00e9l\u00e9chargement lors de la pr\u00e9-inscritpion en ligne et d&rsquo;un ch\u00e8que de 50 [&hellip;]<\/p>\n","protected":false},"author":1,"featured_media":0,"parent":1010,"menu_order":0,"comment_status":"closed","ping_status":"closed","template":"basic-page.php","meta":{"_editorskit_title_hidden":false,"_editorskit_reading_time":0,"_editorskit_is_block_options_detached":false,"_editorskit_block_options_position":"{}","footnotes":""},"class_list":["post-1414","page","type-page","status-publish","hentry"],"_links":{"self":[{"href":"http:\/\/www.champagnat-stsymphorien.eu\/index.php?rest_route=\/wp\/v2\/pages\/1414","targetHints":{"allow":["GET"]}}],"collection":[{"href":"http:\/\/www.champagnat-stsymphorien.eu\/index.php?rest_route=\/wp\/v2\/pages"}],"about":[{"href":"http:\/\/www.champagnat-stsymphorien.eu\/index.php?rest_route=\/wp\/v2\/types\/page"}],"author":[{"embeddable":true,"href":"http:\/\/www.champagnat-stsymphorien.eu\/index.php?rest_route=\/wp\/v2\/users\/1"}],"replies":[{"embeddable":true,"href":"http:\/\/www.champagnat-stsymphorien.eu\/index.php?rest_route=%2Fwp%2Fv2%2Fcomments&post=1414"}],"version-history":[{"count":4,"href":"http:\/\/www.champagnat-stsymphorien.eu\/index.php?rest_route=\/wp\/v2\/pages\/1414\/revisions"}],"predecessor-version":[{"id":1671,"href":"http:\/\/www.champagnat-stsymphorien.eu\/index.php?rest_route=\/wp\/v2\/pages\/1414\/revisions\/1671"}],"up":[{"embeddable":true,"href":"http:\/\/www.champagnat-stsymphorien.eu\/index.php?rest_route=\/wp\/v2\/pages\/1010"}],"wp:attachment":[{"href":"http:\/\/www.champagnat-stsymphorien.eu\/index.php?rest_route=%2Fwp%2Fv2%2Fmedia&parent=1414"}],"curies":[{"name":"wp","href":"https:\/\/api.w.org\/{rel}","templated":true}]}}