{"id":1723,"date":"2024-06-19T15:59:13","date_gmt":"2024-06-19T13:59:13","guid":{"rendered":"http:\/\/www.champagnat-stsymphorien.eu\/?page_id=1723"},"modified":"2024-07-03T12:13:51","modified_gmt":"2024-07-03T10:13:51","slug":"formation-aux-premiers-secours-psc1","status":"publish","type":"page","link":"http:\/\/www.champagnat-stsymphorien.eu\/?page_id=1723","title":{"rendered":"Formation aux premiers secours : PSC1"},"content":{"rendered":"\n<div class=\"wp-block-group\"><div class=\"wp-block-group__inner-container is-layout-constrained wp-block-group-is-layout-constrained\">\n<div class=\"wp-block-group line_height\"><div class=\"wp-block-group__inner-container is-layout-constrained wp-block-group-is-layout-constrained\">\n<p class=\"has-medium-font-size\">Tous les \u00e9l\u00e8ves de 5\u00e8me ont b\u00e9n\u00e9fici\u00e9 d&rsquo;un temps de formation de 7h pour obtenir le PSC1.<\/p>\n\n\n\n<p class=\"has-medium-font-size\">Les pompiers ont pu enseigner aux \u00e9l\u00e8ves les principes de s\u00e9curisation, de protection et d&rsquo;alerte en cas de n\u00e9cessit\u00e9. Ils ont pu \u00e9galement leur enseigner les bons gestes par la pratique de nombreux exercices.<\/p>\n\n\n\n<figure class=\"wp-block-gallery has-nested-images columns-2 is-cropped wp-block-gallery-1 is-layout-flex wp-block-gallery-is-layout-flex\">\n<figure class=\"wp-block-image size-large\"><a href=\"http:\/\/www.champagnat-stsymphorien.eu\/wp-content\/uploads\/2024\/06\/secours1.jpg\"><img loading=\"lazy\" decoding=\"async\" width=\"720\" height=\"914\" data-id=\"1724\" src=\"http:\/\/www.champagnat-stsymphorien.eu\/wp-content\/uploads\/2024\/06\/secours1.jpg\" alt=\"\" class=\"wp-image-1724\" srcset=\"http:\/\/www.champagnat-stsymphorien.eu\/wp-content\/uploads\/2024\/06\/secours1.jpg 720w, http:\/\/www.champagnat-stsymphorien.eu\/wp-content\/uploads\/2024\/06\/secours1-236x300.jpg 236w\" sizes=\"auto, (max-width: 720px) 100vw, 720px\" \/><\/a><\/figure>\n\n\n\n<figure class=\"wp-block-image size-large\"><a href=\"http:\/\/www.champagnat-stsymphorien.eu\/wp-content\/uploads\/2024\/06\/secours2.jpg\"><img loading=\"lazy\" decoding=\"async\" width=\"686\" height=\"1024\" data-id=\"1727\" src=\"http:\/\/www.champagnat-stsymphorien.eu\/wp-content\/uploads\/2024\/06\/secours2-686x1024.jpg\" alt=\"\" class=\"wp-image-1727\" srcset=\"http:\/\/www.champagnat-stsymphorien.eu\/wp-content\/uploads\/2024\/06\/secours2-686x1024.jpg 686w, http:\/\/www.champagnat-stsymphorien.eu\/wp-content\/uploads\/2024\/06\/secours2-201x300.jpg 201w, http:\/\/www.champagnat-stsymphorien.eu\/wp-content\/uploads\/2024\/06\/secours2.jpg 720w\" sizes=\"auto, (max-width: 686px) 100vw, 686px\" \/><\/a><\/figure>\n\n\n\n<figure class=\"wp-block-image size-large\"><a href=\"http:\/\/www.champagnat-stsymphorien.eu\/wp-content\/uploads\/2024\/06\/secours3.jpg\"><img loading=\"lazy\" decoding=\"async\" width=\"960\" height=\"720\" data-id=\"1725\" src=\"http:\/\/www.champagnat-stsymphorien.eu\/wp-content\/uploads\/2024\/06\/secours3.jpg\" alt=\"\" class=\"wp-image-1725\" srcset=\"http:\/\/www.champagnat-stsymphorien.eu\/wp-content\/uploads\/2024\/06\/secours3.jpg 960w, http:\/\/www.champagnat-stsymphorien.eu\/wp-content\/uploads\/2024\/06\/secours3-300x225.jpg 300w, http:\/\/www.champagnat-stsymphorien.eu\/wp-content\/uploads\/2024\/06\/secours3-768x576.jpg 768w\" sizes=\"auto, (max-width: 960px) 100vw, 960px\" \/><\/a><\/figure>\n\n\n\n<figure class=\"wp-block-image size-large\"><a href=\"http:\/\/www.champagnat-stsymphorien.eu\/wp-content\/uploads\/2024\/06\/secours4.jpg\"><img loading=\"lazy\" decoding=\"async\" width=\"720\" height=\"960\" data-id=\"1726\" src=\"http:\/\/www.champagnat-stsymphorien.eu\/wp-content\/uploads\/2024\/06\/secours4.jpg\" alt=\"\" class=\"wp-image-1726\" srcset=\"http:\/\/www.champagnat-stsymphorien.eu\/wp-content\/uploads\/2024\/06\/secours4.jpg 720w, http:\/\/www.champagnat-stsymphorien.eu\/wp-content\/uploads\/2024\/06\/secours4-225x300.jpg 225w\" sizes=\"auto, (max-width: 720px) 100vw, 720px\" \/><\/a><\/figure>\n<\/figure>\n<\/div><\/div>\n<\/div><\/div>\n","protected":false},"excerpt":{"rendered":"<p>Tous les \u00e9l\u00e8ves de 5\u00e8me ont b\u00e9n\u00e9fici\u00e9 d&rsquo;un temps de formation de 7h pour obtenir le PSC1. Les pompiers ont pu enseigner aux \u00e9l\u00e8ves les principes de s\u00e9curisation, de protection et d&rsquo;alerte en cas de n\u00e9cessit\u00e9. Ils ont pu \u00e9galement leur enseigner les bons gestes par la pratique de nombreux exercices.<\/p>\n","protected":false},"author":1,"featured_media":0,"parent":1402,"menu_order":0,"comment_status":"closed","ping_status":"closed","template":"basic-page.php","meta":{"_editorskit_title_hidden":false,"_editorskit_reading_time":0,"_editorskit_is_block_options_detached":false,"_editorskit_block_options_position":"{}","footnotes":""},"class_list":["post-1723","page","type-page","status-publish","hentry"],"_links":{"self":[{"href":"http:\/\/www.champagnat-stsymphorien.eu\/index.php?rest_route=\/wp\/v2\/pages\/1723","targetHints":{"allow":["GET"]}}],"collection":[{"href":"http:\/\/www.champagnat-stsymphorien.eu\/index.php?rest_route=\/wp\/v2\/pages"}],"about":[{"href":"http:\/\/www.champagnat-stsymphorien.eu\/index.php?rest_route=\/wp\/v2\/types\/page"}],"author":[{"embeddable":true,"href":"http:\/\/www.champagnat-stsymphorien.eu\/index.php?rest_route=\/wp\/v2\/users\/1"}],"replies":[{"embeddable":true,"href":"http:\/\/www.champagnat-stsymphorien.eu\/index.php?rest_route=%2Fwp%2Fv2%2Fcomments&post=1723"}],"version-history":[{"count":1,"href":"http:\/\/www.champagnat-stsymphorien.eu\/index.php?rest_route=\/wp\/v2\/pages\/1723\/revisions"}],"predecessor-version":[{"id":1730,"href":"http:\/\/www.champagnat-stsymphorien.eu\/index.php?rest_route=\/wp\/v2\/pages\/1723\/revisions\/1730"}],"up":[{"embeddable":true,"href":"http:\/\/www.champagnat-stsymphorien.eu\/index.php?rest_route=\/wp\/v2\/pages\/1402"}],"wp:attachment":[{"href":"http:\/\/www.champagnat-stsymphorien.eu\/index.php?rest_route=%2Fwp%2Fv2%2Fmedia&parent=1723"}],"curies":[{"name":"wp","href":"https:\/\/api.w.org\/{rel}","templated":true}]}}