{"id":1973,"date":"2024-07-02T10:33:48","date_gmt":"2024-07-02T08:33:48","guid":{"rendered":"http:\/\/www.champagnat-stsymphorien.eu\/?page_id=1973"},"modified":"2024-07-02T10:34:39","modified_gmt":"2024-07-02T08:34:39","slug":"les-concours-de-maths-au-college","status":"publish","type":"page","link":"http:\/\/www.champagnat-stsymphorien.eu\/?page_id=1973","title":{"rendered":"Les concours de maths au coll\u00e8ge"},"content":{"rendered":"\n<p class=\"has-text-align-center line_height has-medium-font-size\">Chaque ann\u00e9e les coll\u00e8giens se voient proposer des concours individuels et collectifs afin de faire des maths autrement !<\/p>\n\n\n\n<p class=\"has-text-align-center has-large-font-size\"><strong>En 5\u00e8me :<\/strong><\/p>\n\n\n<div class=\"wp-block-image\">\n<figure class=\"aligncenter size-large is-resized\"><img loading=\"lazy\" decoding=\"async\" width=\"767\" height=\"1024\" src=\"http:\/\/www.champagnat-stsymphorien.eu\/wp-content\/uploads\/2024\/07\/kangourou-767x1024.png\" alt=\"\" class=\"wp-image-1974\" style=\"width:360px;height:auto\" srcset=\"http:\/\/www.champagnat-stsymphorien.eu\/wp-content\/uploads\/2024\/07\/kangourou-767x1024.png 767w, http:\/\/www.champagnat-stsymphorien.eu\/wp-content\/uploads\/2024\/07\/kangourou-225x300.png 225w, http:\/\/www.champagnat-stsymphorien.eu\/wp-content\/uploads\/2024\/07\/kangourou-768x1025.png 768w, http:\/\/www.champagnat-stsymphorien.eu\/wp-content\/uploads\/2024\/07\/kangourou.png 812w\" sizes=\"auto, (max-width: 767px) 100vw, 767px\" \/><\/figure>\n<\/div>\n\n\n<div style=\"height:30px\" aria-hidden=\"true\" class=\"wp-block-spacer\"><\/div>\n\n\n\n<div class=\"wp-block-group line_height\"><div class=\"wp-block-group__inner-container is-layout-constrained wp-block-group-is-layout-constrained\">\n<p class=\"has-medium-font-size\">Jeu de math\u00e9matiques cr\u00e9\u00e9 en 1991 sur le mod\u00e8le du concours national australien (d&rsquo;o\u00f9 son nom). Il comporte 24 questions \u00e0 choix multiple de difficult\u00e9 croissante, propos\u00e9es le m\u00eame jour dans tous les \u00e9tablissements scolaires. Int\u00e9ressant des centaines de milliers d&rsquo;\u00e9l\u00e8ves, il est assorti d&rsquo;une distribution massive de documentation math\u00e9matique, apportant \u00e0 tous les \u00e9l\u00e8ves, \u00e0 la fois, culture, amusement et connaissance. Il a \u00e9t\u00e9 \u00e9tendu \u00e0 toute l&rsquo;Europe et ailleurs et r\u00e9unit maintenant plus de 6&nbsp;millions de participants dans le monde. Le Kangourou est le jeu-concours pr\u00e9f\u00e9r\u00e9 des \u00e9l\u00e8ves (et des professeurs) fran\u00e7ais dans les coll\u00e8ges.<\/p>\n\n\n\n<p class=\"has-medium-font-size\">Chaque ann\u00e9e, le Kangourou reste la grande f\u00eate des math\u00e9matiques, o\u00f9 l&rsquo;on est heureux de participer, quelque soit son niveau, comme dans les grands marathons populaires. Et le Kangourou reste aussi le premier concours national qui permet aux meilleurs de se mesurer et de se comparer avec tous les autres.<br>Outre les les prix pour tous, de nombreux de prix sont distribu\u00e9s dans les \u00e9tablissements scolaires (un \u00e9l\u00e8ve sur cinq re\u00e7oit un cadeau suppl\u00e9mentaire dans chaque \u00e9tablissement).Et les meilleur(e)s sont r\u00e9compens\u00e9s par de vraies <em>m\u00e9dailles<\/em><em> (or<\/em>, <em>argent<\/em>, <em>bronze)<\/em>, des lots sp\u00e9ciaux et des voyages en Europe pour les coll\u00e9giens.<\/p>\n<\/div><\/div>\n\n\n\n<div style=\"height:30px\" aria-hidden=\"true\" class=\"wp-block-spacer\"><\/div>\n\n\n\n<p class=\"has-text-align-center has-large-font-size\"><strong>En 4\u00e8me :<\/strong><\/p>\n\n\n<div class=\"wp-block-image\">\n<figure class=\"aligncenter size-full is-resized\"><img loading=\"lazy\" decoding=\"async\" width=\"700\" height=\"291\" src=\"http:\/\/www.champagnat-stsymphorien.eu\/wp-content\/uploads\/2024\/07\/D2M_logo.png\" alt=\"\" class=\"wp-image-1975\" style=\"width:517px;height:auto\" srcset=\"http:\/\/www.champagnat-stsymphorien.eu\/wp-content\/uploads\/2024\/07\/D2M_logo.png 700w, http:\/\/www.champagnat-stsymphorien.eu\/wp-content\/uploads\/2024\/07\/D2M_logo-300x125.png 300w\" sizes=\"auto, (max-width: 700px) 100vw, 700px\" \/><\/figure>\n<\/div>\n\n\n<div class=\"wp-block-group line_height has-medium-font-size\"><div class=\"wp-block-group__inner-container is-layout-constrained wp-block-group-is-layout-constrained\">\n<h4 class=\"wp-block-heading\">Des math\u00e9matiques !<\/h4>\n\n\n\n<p>Dr\u00f4les de Maths, c\u2019est d\u2019abord et toujours des math\u00e9matiques. Confront\u00e9s \u00e0 une s\u00e9rie de mini-probl\u00e8mes originaux et parfois inattendus, les \u00e9l\u00e8ves exercent leur bon sens et leur sagacit\u00e9, dans un esprit ludique et l\u00e9ger.<br>Sp\u00e9cificit\u00e9 de Dr\u00f4les de Maths, les propositions de r\u00e9ponses interm\u00e9diaires encourage la d\u00e9marche math\u00e9matique et le succ\u00e8s des \u00e9l\u00e8ves.<\/p>\n\n\n\n<h4 class=\"wp-block-heading\">Simple&#8230;<\/h4>\n\n\n\n<p>Dr\u00f4les de Maths s\u2019adresse \u00e0 TOUS LES ELEVES.<br>Pas de codage informatique compliqu\u00e9, l\u2019\u00e9l\u00e8ve coche ses r\u00e9ponses sur le sujet, nous nous chargeons du reste. C\u2019est une exclusivit\u00e9 de Dr\u00f4les de Maths, les \u00e9l\u00e8ves se concentrent uniquement sur les probl\u00e8mes math\u00e9matiques.<\/p>\n\n\n\n<h4 class=\"wp-block-heading\">&#8230;et logique&nbsp;!<a href=\"http:\/\/www.drolesdemaths.org\/solidarity\/active_project\/index.php\"><\/a><\/h4>\n\n\n\n<p><a href=\"http:\/\/www.drolesdemaths.org\/solidarity\/active_project\/index.php\"><\/a> Enfin, pour Dr\u00f4les de Maths, la solidarit\u00e9 c\u2019est logique&nbsp;!<br>Si vous le souhaitez, vous pouvez sensibilisez vos \u00e9l\u00e8ves aux comportements solidaires en les impliquant dans une nouvelle action humanitaire : \u00abAidons et parrainons des centaines d&rsquo;enfants en RDC&nbsp;!\u00bb<\/p>\n<\/div><\/div>\n\n\n\n<div style=\"height:30px\" aria-hidden=\"true\" class=\"wp-block-spacer\"><\/div>\n\n\n\n<p class=\"has-text-align-center has-large-font-size\"><strong>En 3\u00e8me :<\/strong><\/p>\n\n\n<div class=\"wp-block-image\">\n<figure class=\"aligncenter size-full is-resized\"><img loading=\"lazy\" decoding=\"async\" width=\"640\" height=\"738\" src=\"http:\/\/www.champagnat-stsymphorien.eu\/wp-content\/uploads\/2024\/07\/rmal_affiche_2018.jpg\" alt=\"\" class=\"wp-image-1976\" style=\"width:416px;height:auto\" srcset=\"http:\/\/www.champagnat-stsymphorien.eu\/wp-content\/uploads\/2024\/07\/rmal_affiche_2018.jpg 640w, http:\/\/www.champagnat-stsymphorien.eu\/wp-content\/uploads\/2024\/07\/rmal_affiche_2018-260x300.jpg 260w\" sizes=\"auto, (max-width: 640px) 100vw, 640px\" \/><\/figure>\n<\/div>\n\n\n<div style=\"height:30px\" aria-hidden=\"true\" class=\"wp-block-spacer\"><\/div>\n\n\n\n<p class=\"line_height has-medium-font-size\">Le Rallye Math\u00e9matique de l\u2019Acad\u00e9mie de Lyon est destin\u00e9 aux \u00e9l\u00e8ves des classes de troisi\u00e8me, seconde, CAP et deux premi\u00e8res ann\u00e9es de bac pro 3 ans des \u00e9tablissements publics et priv\u00e9s sous contrat des trois d\u00e9partements de l\u2019Acad\u00e9mie de Lyon (Ain, Loire et Rh\u00f4ne).<br>Il est organis\u00e9 conjointement par l\u2019Association des Professeurs de Math\u00e9matiques de l\u2019Enseignement Public (APMEP), l\u2019Institut de Recherche sur l\u2019Enseignement des Math\u00e9matiques (IREM) de l\u2019Universit\u00e9 Lyon 1 et l\u2019Inspection P\u00e9dagogique R\u00e9gionale de Math\u00e9matiques.<br>L\u2019objectif de ce Rallye est de d\u00e9velopper chez les \u00e9l\u00e8ves, la curiosit\u00e9, le go\u00fbt de la recherche et du travail en \u00e9quipe et de les aider \u00e0 construire une image positive de la culture scientifique, en particulier math\u00e9matique.<br>Nous souhaitons aussi, \u00e0 partir du Rallye, valoriser, aupr\u00e8s des \u00e9l\u00e8ves, une orientation vers les enseignements scientifiques et technologiques.<\/p>\n\n\n\n<p class=\"has-medium-font-size\">Le Rallye comporte plusieurs phases&nbsp;:<\/p>\n\n\n\n<ul class=\"line_height wp-block-list\">\n<li class=\"has-medium-font-size\">les \u00e9preuves \u00e9crites du Rallye sous forme d\u2019un travail collectif de r\u00e9solution de probl\u00e8mes dans chaque classe inscrite&nbsp;; l\u2019illustration d\u2019un des exercices peut \u00eatre le support du concours d\u2019affiches pour choisir l\u2019affiche du Rallye de l\u2019ann\u00e9e suivante&nbsp;;<\/li>\n\n\n\n<li class=\"has-medium-font-size\">en mai, la finale pour les 12 classes laur\u00e9ates des \u00e9preuves \u00e9crites, sous forme d\u2019un parcours math\u00e9matique sur le campus de la Doua \u00e0 Villeurbanne. Les classes participent ensuite \u00e0 une conf\u00e9rence sur un th\u00e8me math\u00e9matique. La journ\u00e9e se termine par une remise de prix, chaque \u00e9l\u00e8ve recevant une petite r\u00e9compense offerte par l\u2019un de nos partenaires ou achet\u00e9e par l\u2019association&nbsp;;<\/li>\n\n\n\n<li class=\"has-medium-font-size\">entre avril et juin, une vingtaine de classes, autres que les classes finalistes, sont \u00e9galement r\u00e9compens\u00e9es pour leurs bons r\u00e9sultats aux \u00e9preuves \u00e9crites ou \u00e0 la recherche du probl\u00e8me ouvert. Elles gagnent la d\u00e9couverte d\u2019un site scientifique ou technologique de la R\u00e9gion ou bien une remise de prix organis\u00e9e dans leur \u00e9tablissement avec l\u2019intervention d\u2019un chercheur sur un th\u00e8me math\u00e9matique, ou encore une petite r\u00e9compense individuelle.<\/li>\n<\/ul>\n","protected":false},"excerpt":{"rendered":"<p>Chaque ann\u00e9e les coll\u00e8giens se voient proposer des concours individuels et collectifs afin de faire des maths autrement ! En 5\u00e8me : Jeu de math\u00e9matiques cr\u00e9\u00e9 en 1991 sur le mod\u00e8le du concours national australien (d&rsquo;o\u00f9 son nom). Il comporte 24 questions \u00e0 choix multiple de difficult\u00e9 croissante, propos\u00e9es le m\u00eame jour dans tous les [&hellip;]<\/p>\n","protected":false},"author":1,"featured_media":0,"parent":1402,"menu_order":0,"comment_status":"closed","ping_status":"closed","template":"basic-page.php","meta":{"_editorskit_title_hidden":false,"_editorskit_reading_time":0,"_editorskit_is_block_options_detached":false,"_editorskit_block_options_position":"{}","footnotes":""},"class_list":["post-1973","page","type-page","status-publish","hentry"],"_links":{"self":[{"href":"http:\/\/www.champagnat-stsymphorien.eu\/index.php?rest_route=\/wp\/v2\/pages\/1973","targetHints":{"allow":["GET"]}}],"collection":[{"href":"http:\/\/www.champagnat-stsymphorien.eu\/index.php?rest_route=\/wp\/v2\/pages"}],"about":[{"href":"http:\/\/www.champagnat-stsymphorien.eu\/index.php?rest_route=\/wp\/v2\/types\/page"}],"author":[{"embeddable":true,"href":"http:\/\/www.champagnat-stsymphorien.eu\/index.php?rest_route=\/wp\/v2\/users\/1"}],"replies":[{"embeddable":true,"href":"http:\/\/www.champagnat-stsymphorien.eu\/index.php?rest_route=%2Fwp%2Fv2%2Fcomments&post=1973"}],"version-history":[{"count":2,"href":"http:\/\/www.champagnat-stsymphorien.eu\/index.php?rest_route=\/wp\/v2\/pages\/1973\/revisions"}],"predecessor-version":[{"id":1978,"href":"http:\/\/www.champagnat-stsymphorien.eu\/index.php?rest_route=\/wp\/v2\/pages\/1973\/revisions\/1978"}],"up":[{"embeddable":true,"href":"http:\/\/www.champagnat-stsymphorien.eu\/index.php?rest_route=\/wp\/v2\/pages\/1402"}],"wp:attachment":[{"href":"http:\/\/www.champagnat-stsymphorien.eu\/index.php?rest_route=%2Fwp%2Fv2%2Fmedia&parent=1973"}],"curies":[{"name":"wp","href":"https:\/\/api.w.org\/{rel}","templated":true}]}}